{"id":4043,"date":"2021-05-19T09:17:26","date_gmt":"2021-05-19T09:17:26","guid":{"rendered":"https:\/\/jamonesrosco.com\/producto\/chorizo-bellota-iberique\/"},"modified":"2021-10-05T08:03:30","modified_gmt":"2021-10-05T08:03:30","slug":"chorizo-bellota-iberique","status":"publish","type":"product","link":"https:\/\/jamonesrosco.com\/?product=chorizo-bellota-iberique&lang=fr","title":{"rendered":"Chorizo Bellota ib\u00e9rique"},"content":{"rendered":"","protected":false},"excerpt":{"rendered":"<p class=\"p1\"><span style=\"font-weight: 400;\">Parfait \u00e9quilibre de viandes maigres et paprika de la Vera. Texture juteuse et une saveur de l\u00e9gende qui \u00e9blouit les sens. Fid\u00e8le \u00e0 la tradition, avec un fort caract\u00e8re artisanal.<\/span><\/p>\n","protected":false},"featured_media":3910,"comment_status":"closed","ping_status":"closed","template":"","meta":[],"product_brand":[],"product_cat":[66,67],"product_tag":[],"class_list":{"0":"post-4043","1":"product","2":"type-product","3":"status-publish","4":"has-post-thumbnail","6":"product_cat-charcuterie","7":"product_cat-chorizo-fr","9":"first","10":"instock","11":"featured","12":"shipping-taxable","13":"product-type-simple"},"_links":{"self":[{"href":"https:\/\/jamonesrosco.com\/index.php?rest_route=\/wp\/v2\/product\/4043","targetHints":{"allow":["GET"]}}],"collection":[{"href":"https:\/\/jamonesrosco.com\/index.php?rest_route=\/wp\/v2\/product"}],"about":[{"href":"https:\/\/jamonesrosco.com\/index.php?rest_route=\/wp\/v2\/types\/product"}],"replies":[{"embeddable":true,"href":"https:\/\/jamonesrosco.com\/index.php?rest_route=%2Fwp%2Fv2%2Fcomments&post=4043"}],"wp:featuredmedia":[{"embeddable":true,"href":"https:\/\/jamonesrosco.com\/index.php?rest_route=\/wp\/v2\/media\/3910"}],"wp:attachment":[{"href":"https:\/\/jamonesrosco.com\/index.php?rest_route=%2Fwp%2Fv2%2Fmedia&parent=4043"}],"wp:term":[{"taxonomy":"product_brand","embeddable":true,"href":"https:\/\/jamonesrosco.com\/index.php?rest_route=%2Fwp%2Fv2%2Fproduct_brand&post=4043"},{"taxonomy":"product_cat","embeddable":true,"href":"https:\/\/jamonesrosco.com\/index.php?rest_route=%2Fwp%2Fv2%2Fproduct_cat&post=4043"},{"taxonomy":"product_tag","embeddable":true,"href":"https:\/\/jamonesrosco.com\/index.php?rest_route=%2Fwp%2Fv2%2Fproduct_tag&post=4043"}],"curies":[{"name":"wp","href":"https:\/\/api.w.org\/{rel}","templated":true}]}}