{"id":4042,"date":"2021-05-19T09:18:15","date_gmt":"2021-05-19T09:18:15","guid":{"rendered":"https:\/\/jamonesrosco.com\/producto\/saucisson-bellota-iberique\/"},"modified":"2021-10-05T08:02:43","modified_gmt":"2021-10-05T08:02:43","slug":"saucisson-bellota-iberique","status":"publish","type":"product","link":"https:\/\/jamonesrosco.com\/?product=saucisson-bellota-iberique&lang=fr","title":{"rendered":"Saucisson Bellota ib\u00e9rique"},"content":{"rendered":"","protected":false},"excerpt":{"rendered":"<p><span style=\"font-weight: 400;\">Succulente combinaison de viandes maigres et d\u2019\u00e9pices naturelles (ail, poivre, noix de muscade).<\/span><\/p>\n<p><span style=\"font-weight: 400;\">Cette charcuterie de couleur violac\u00e9e\/rouge\u00e2tre et \u00e0 la texture d\u00e9licate transporte votre palais au sommet des saveurs ib\u00e9riques.<\/span><\/p>\n","protected":false},"featured_media":3909,"comment_status":"closed","ping_status":"closed","template":"","meta":[],"product_brand":[],"product_cat":[66,70],"product_tag":[],"class_list":{"0":"post-4042","1":"product","2":"type-product","3":"status-publish","4":"has-post-thumbnail","6":"product_cat-charcuterie","7":"product_cat-saucisson","9":"first","10":"instock","11":"featured","12":"shipping-taxable","13":"product-type-simple"},"_links":{"self":[{"href":"https:\/\/jamonesrosco.com\/index.php?rest_route=\/wp\/v2\/product\/4042","targetHints":{"allow":["GET"]}}],"collection":[{"href":"https:\/\/jamonesrosco.com\/index.php?rest_route=\/wp\/v2\/product"}],"about":[{"href":"https:\/\/jamonesrosco.com\/index.php?rest_route=\/wp\/v2\/types\/product"}],"replies":[{"embeddable":true,"href":"https:\/\/jamonesrosco.com\/index.php?rest_route=%2Fwp%2Fv2%2Fcomments&post=4042"}],"wp:featuredmedia":[{"embeddable":true,"href":"https:\/\/jamonesrosco.com\/index.php?rest_route=\/wp\/v2\/media\/3909"}],"wp:attachment":[{"href":"https:\/\/jamonesrosco.com\/index.php?rest_route=%2Fwp%2Fv2%2Fmedia&parent=4042"}],"wp:term":[{"taxonomy":"product_brand","embeddable":true,"href":"https:\/\/jamonesrosco.com\/index.php?rest_route=%2Fwp%2Fv2%2Fproduct_brand&post=4042"},{"taxonomy":"product_cat","embeddable":true,"href":"https:\/\/jamonesrosco.com\/index.php?rest_route=%2Fwp%2Fv2%2Fproduct_cat&post=4042"},{"taxonomy":"product_tag","embeddable":true,"href":"https:\/\/jamonesrosco.com\/index.php?rest_route=%2Fwp%2Fv2%2Fproduct_tag&post=4042"}],"curies":[{"name":"wp","href":"https:\/\/api.w.org\/{rel}","templated":true}]}}