{"id":4039,"date":"2021-07-07T06:32:45","date_gmt":"2021-07-07T06:32:45","guid":{"rendered":"https:\/\/jamonesrosco.com\/producto\/epaule-bellota-iberique-50-race-iberique\/"},"modified":"2021-10-05T08:00:41","modified_gmt":"2021-10-05T08:00:41","slug":"epaule-bellota-iberique-50-race-iberique","status":"publish","type":"product","link":"https:\/\/jamonesrosco.com\/?product=epaule-bellota-iberique-50-race-iberique&lang=fr","title":{"rendered":"\u00c9paule Bellota Ib\u00e9rique 50 % Race ib\u00e9rique"},"content":{"rendered":"<p><br data-mce-bogus=\"1\"><\/p>\n","protected":false},"excerpt":{"rendered":"<ul>\n<li>Alimentation : glands<\/li>\n<li>Affinage : 24 &#8211; 36 mois<\/li>\n<li>Saveur : savoureuse<\/li>\n<li>Poids : 4 \u2013 6 kg<\/li>\n<li>Bride : rouge<\/li>\n<\/ul>\n","protected":false},"featured_media":3891,"comment_status":"closed","ping_status":"closed","template":"","meta":[],"product_brand":[],"product_cat":[73,72],"product_tag":[],"class_list":{"0":"post-4039","1":"product","2":"type-product","3":"status-publish","4":"has-post-thumbnail","6":"product_cat-bellota-50-fr","7":"product_cat-jambons-et-epaules","9":"first","10":"instock","11":"featured","12":"shipping-taxable","13":"product-type-simple"},"_links":{"self":[{"href":"https:\/\/jamonesrosco.com\/index.php?rest_route=\/wp\/v2\/product\/4039","targetHints":{"allow":["GET"]}}],"collection":[{"href":"https:\/\/jamonesrosco.com\/index.php?rest_route=\/wp\/v2\/product"}],"about":[{"href":"https:\/\/jamonesrosco.com\/index.php?rest_route=\/wp\/v2\/types\/product"}],"replies":[{"embeddable":true,"href":"https:\/\/jamonesrosco.com\/index.php?rest_route=%2Fwp%2Fv2%2Fcomments&post=4039"}],"wp:featuredmedia":[{"embeddable":true,"href":"https:\/\/jamonesrosco.com\/index.php?rest_route=\/wp\/v2\/media\/3891"}],"wp:attachment":[{"href":"https:\/\/jamonesrosco.com\/index.php?rest_route=%2Fwp%2Fv2%2Fmedia&parent=4039"}],"wp:term":[{"taxonomy":"product_brand","embeddable":true,"href":"https:\/\/jamonesrosco.com\/index.php?rest_route=%2Fwp%2Fv2%2Fproduct_brand&post=4039"},{"taxonomy":"product_cat","embeddable":true,"href":"https:\/\/jamonesrosco.com\/index.php?rest_route=%2Fwp%2Fv2%2Fproduct_cat&post=4039"},{"taxonomy":"product_tag","embeddable":true,"href":"https:\/\/jamonesrosco.com\/index.php?rest_route=%2Fwp%2Fv2%2Fproduct_tag&post=4039"}],"curies":[{"name":"wp","href":"https:\/\/api.w.org\/{rel}","templated":true}]}}