{"id":4037,"date":"2021-07-07T06:50:25","date_gmt":"2021-07-07T06:50:25","guid":{"rendered":"https:\/\/jamonesrosco.com\/producto\/epaule-cebo-campo-iberique-50-race-iberique\/"},"modified":"2022-05-31T05:16:17","modified_gmt":"2022-05-31T05:16:17","slug":"epaule-cebo-campo-iberique-50-race-iberique","status":"publish","type":"product","link":"https:\/\/jamonesrosco.com\/?product=epaule-cebo-campo-iberique-50-race-iberique&lang=fr","title":{"rendered":"\u00c9paule Cebo campo Ib\u00e9rique 50 % Race ib\u00e9rique"},"content":{"rendered":"","protected":false},"excerpt":{"rendered":"<ul>\n<li>Alimentation : fourrage et c\u00e9r\u00e9ales en plein air<\/li>\n<li>Affinage : 20 &#8211; 24 mois<\/li>\n<li>Saveur : \u00e9quilibr\u00e9e<\/li>\n<li>Poids : 7 \u2013 10 kg<\/li>\n<li>Bride : verte<\/li>\n<\/ul>\n","protected":false},"featured_media":3893,"comment_status":"closed","ping_status":"closed","template":"","meta":[],"product_brand":[],"product_cat":[80,48,72,37],"product_tag":[],"class_list":{"0":"post-4037","1":"product","2":"type-product","3":"status-publish","4":"has-post-thumbnail","6":"product_cat-cebo-de-campo-50-fr","7":"product_cat-cebo-de-campo-50","8":"product_cat-jambons-et-epaules","9":"product_cat-jamones-y-paletas","11":"first","12":"instock","13":"featured","14":"shipping-taxable","15":"product-type-simple"},"_links":{"self":[{"href":"https:\/\/jamonesrosco.com\/index.php?rest_route=\/wp\/v2\/product\/4037","targetHints":{"allow":["GET"]}}],"collection":[{"href":"https:\/\/jamonesrosco.com\/index.php?rest_route=\/wp\/v2\/product"}],"about":[{"href":"https:\/\/jamonesrosco.com\/index.php?rest_route=\/wp\/v2\/types\/product"}],"replies":[{"embeddable":true,"href":"https:\/\/jamonesrosco.com\/index.php?rest_route=%2Fwp%2Fv2%2Fcomments&post=4037"}],"wp:featuredmedia":[{"embeddable":true,"href":"https:\/\/jamonesrosco.com\/index.php?rest_route=\/wp\/v2\/media\/3893"}],"wp:attachment":[{"href":"https:\/\/jamonesrosco.com\/index.php?rest_route=%2Fwp%2Fv2%2Fmedia&parent=4037"}],"wp:term":[{"taxonomy":"product_brand","embeddable":true,"href":"https:\/\/jamonesrosco.com\/index.php?rest_route=%2Fwp%2Fv2%2Fproduct_brand&post=4037"},{"taxonomy":"product_cat","embeddable":true,"href":"https:\/\/jamonesrosco.com\/index.php?rest_route=%2Fwp%2Fv2%2Fproduct_cat&post=4037"},{"taxonomy":"product_tag","embeddable":true,"href":"https:\/\/jamonesrosco.com\/index.php?rest_route=%2Fwp%2Fv2%2Fproduct_tag&post=4037"}],"curies":[{"name":"wp","href":"https:\/\/api.w.org\/{rel}","templated":true}]}}