{"id":4034,"date":"2021-07-07T07:05:39","date_gmt":"2021-07-07T07:05:39","guid":{"rendered":"https:\/\/jamonesrosco.com\/producto\/lomo-cebo-campo-iberique-50-race-iberique\/"},"modified":"2021-10-05T07:54:11","modified_gmt":"2021-10-05T07:54:11","slug":"lomo-cebo-campo-iberique-50-race-iberique","status":"publish","type":"product","link":"https:\/\/jamonesrosco.com\/?product=lomo-cebo-campo-iberique-50-race-iberique&lang=fr","title":{"rendered":"Lomo Cebo campo Ib\u00e9rique 50 % Race ib\u00e9rique"},"content":{"rendered":"","protected":false},"excerpt":{"rendered":"<p><span style=\"font-weight: 400;\">Ar\u00f4me doux et intense \u00e9voquant les p\u00e2turages de la Dehesa, avec des notes d\u00e9licates de paprika de la Vera. Texture d\u00e9licate et sucr\u00e9e.\u00a0<\/span><\/p>\n<p><span style=\"font-weight: 400;\">Envo\u00fbte le palais de sa saveur, dans une harmonie de nuances indescriptibles qui donnent envie d\u2019en reprendre.<\/span><\/p>\n","protected":false},"featured_media":3931,"comment_status":"closed","ping_status":"closed","template":"","meta":[],"product_brand":[],"product_cat":[66,69],"product_tag":[],"class_list":{"0":"post-4034","1":"product","2":"type-product","3":"status-publish","4":"has-post-thumbnail","6":"product_cat-charcuterie","7":"product_cat-lomo-de-cebo-de-campo-fr","9":"first","10":"instock","11":"featured","12":"shipping-taxable","13":"product-type-simple"},"_links":{"self":[{"href":"https:\/\/jamonesrosco.com\/index.php?rest_route=\/wp\/v2\/product\/4034","targetHints":{"allow":["GET"]}}],"collection":[{"href":"https:\/\/jamonesrosco.com\/index.php?rest_route=\/wp\/v2\/product"}],"about":[{"href":"https:\/\/jamonesrosco.com\/index.php?rest_route=\/wp\/v2\/types\/product"}],"replies":[{"embeddable":true,"href":"https:\/\/jamonesrosco.com\/index.php?rest_route=%2Fwp%2Fv2%2Fcomments&post=4034"}],"wp:featuredmedia":[{"embeddable":true,"href":"https:\/\/jamonesrosco.com\/index.php?rest_route=\/wp\/v2\/media\/3931"}],"wp:attachment":[{"href":"https:\/\/jamonesrosco.com\/index.php?rest_route=%2Fwp%2Fv2%2Fmedia&parent=4034"}],"wp:term":[{"taxonomy":"product_brand","embeddable":true,"href":"https:\/\/jamonesrosco.com\/index.php?rest_route=%2Fwp%2Fv2%2Fproduct_brand&post=4034"},{"taxonomy":"product_cat","embeddable":true,"href":"https:\/\/jamonesrosco.com\/index.php?rest_route=%2Fwp%2Fv2%2Fproduct_cat&post=4034"},{"taxonomy":"product_tag","embeddable":true,"href":"https:\/\/jamonesrosco.com\/index.php?rest_route=%2Fwp%2Fv2%2Fproduct_tag&post=4034"}],"curies":[{"name":"wp","href":"https:\/\/api.w.org\/{rel}","templated":true}]}}