{"id":3533,"date":"2021-07-07T06:30:37","date_gmt":"2021-07-07T06:30:37","guid":{"rendered":"https:\/\/jamonesrosco.com\/?post_type=product&#038;p=3533"},"modified":"2021-09-06T08:52:14","modified_gmt":"2021-09-06T08:52:14","slug":"jamon-de-bellota-iberico-50-raza-iberica","status":"publish","type":"product","link":"https:\/\/jamonesrosco.com\/?product=jamon-de-bellota-iberico-50-raza-iberica","title":{"rendered":"Jam\u00f3n de Bellota Ib\u00e9rico 50% Raza Ib\u00e9rica"},"content":{"rendered":"","protected":false},"excerpt":{"rendered":"<ul>\n<li>ALIMENTACI\u00d3N:\u00a0 BELLOTA<\/li>\n<li>CURACI\u00d3N: 36-48 MESES<\/li>\n<li>SABOR: INTENSO<\/li>\n<li>PESO: 7-10KG<\/li>\n<li>PRECINTO: ROJO<\/li>\n<\/ul>\n","protected":false},"featured_media":3559,"comment_status":"closed","ping_status":"closed","template":"","meta":[],"product_brand":[],"product_cat":[47,37],"product_tag":[],"class_list":{"0":"post-3533","1":"product","2":"type-product","3":"status-publish","4":"has-post-thumbnail","6":"product_cat-bellota-50","7":"product_cat-jamones-y-paletas","9":"first","10":"instock","11":"featured","12":"shipping-taxable","13":"product-type-simple"},"_links":{"self":[{"href":"https:\/\/jamonesrosco.com\/index.php?rest_route=\/wp\/v2\/product\/3533","targetHints":{"allow":["GET"]}}],"collection":[{"href":"https:\/\/jamonesrosco.com\/index.php?rest_route=\/wp\/v2\/product"}],"about":[{"href":"https:\/\/jamonesrosco.com\/index.php?rest_route=\/wp\/v2\/types\/product"}],"replies":[{"embeddable":true,"href":"https:\/\/jamonesrosco.com\/index.php?rest_route=%2Fwp%2Fv2%2Fcomments&post=3533"}],"wp:featuredmedia":[{"embeddable":true,"href":"https:\/\/jamonesrosco.com\/index.php?rest_route=\/wp\/v2\/media\/3559"}],"wp:attachment":[{"href":"https:\/\/jamonesrosco.com\/index.php?rest_route=%2Fwp%2Fv2%2Fmedia&parent=3533"}],"wp:term":[{"taxonomy":"product_brand","embeddable":true,"href":"https:\/\/jamonesrosco.com\/index.php?rest_route=%2Fwp%2Fv2%2Fproduct_brand&post=3533"},{"taxonomy":"product_cat","embeddable":true,"href":"https:\/\/jamonesrosco.com\/index.php?rest_route=%2Fwp%2Fv2%2Fproduct_cat&post=3533"},{"taxonomy":"product_tag","embeddable":true,"href":"https:\/\/jamonesrosco.com\/index.php?rest_route=%2Fwp%2Fv2%2Fproduct_tag&post=3533"}],"curies":[{"name":"wp","href":"https:\/\/api.w.org\/{rel}","templated":true}]}}