{"id":3342,"date":"2021-05-19T08:41:52","date_gmt":"2021-05-19T08:41:52","guid":{"rendered":"https:\/\/jamonesrosco.com\/?post_type=product&#038;p=3342"},"modified":"2021-10-05T08:24:02","modified_gmt":"2021-10-05T08:24:02","slug":"jamon-de-cebo-50-iberico","status":"publish","type":"product","link":"https:\/\/jamonesrosco.com\/?product=jamon-de-cebo-50-iberico","title":{"rendered":"Jam\u00f3n de cebo Ib\u00e9rico 50% Raza Ib\u00e9rica"},"content":{"rendered":"","protected":false},"excerpt":{"rendered":"<ul>\n<li>ALIMENTACI\u00d3N:\u00a0 CEBO<\/li>\n<li>CURACI\u00d3N: 30-36MESES<\/li>\n<li>SABOR: AGRADABLE<\/li>\n<li>PESO: 7-10KG<\/li>\n<li>PRECINTO: BLANCO<\/li>\n<\/ul>\n","protected":false},"featured_media":3568,"comment_status":"closed","ping_status":"closed","template":"","meta":[],"product_brand":[],"product_cat":[41,37],"product_tag":[],"class_list":{"0":"post-3342","1":"product","2":"type-product","3":"status-publish","4":"has-post-thumbnail","6":"product_cat-cebo","7":"product_cat-jamones-y-paletas","9":"first","10":"instock","11":"featured","12":"shipping-taxable","13":"product-type-simple"},"_links":{"self":[{"href":"https:\/\/jamonesrosco.com\/index.php?rest_route=\/wp\/v2\/product\/3342","targetHints":{"allow":["GET"]}}],"collection":[{"href":"https:\/\/jamonesrosco.com\/index.php?rest_route=\/wp\/v2\/product"}],"about":[{"href":"https:\/\/jamonesrosco.com\/index.php?rest_route=\/wp\/v2\/types\/product"}],"replies":[{"embeddable":true,"href":"https:\/\/jamonesrosco.com\/index.php?rest_route=%2Fwp%2Fv2%2Fcomments&post=3342"}],"wp:featuredmedia":[{"embeddable":true,"href":"https:\/\/jamonesrosco.com\/index.php?rest_route=\/wp\/v2\/media\/3568"}],"wp:attachment":[{"href":"https:\/\/jamonesrosco.com\/index.php?rest_route=%2Fwp%2Fv2%2Fmedia&parent=3342"}],"wp:term":[{"taxonomy":"product_brand","embeddable":true,"href":"https:\/\/jamonesrosco.com\/index.php?rest_route=%2Fwp%2Fv2%2Fproduct_brand&post=3342"},{"taxonomy":"product_cat","embeddable":true,"href":"https:\/\/jamonesrosco.com\/index.php?rest_route=%2Fwp%2Fv2%2Fproduct_cat&post=3342"},{"taxonomy":"product_tag","embeddable":true,"href":"https:\/\/jamonesrosco.com\/index.php?rest_route=%2Fwp%2Fv2%2Fproduct_tag&post=3342"}],"curies":[{"name":"wp","href":"https:\/\/api.w.org\/{rel}","templated":true}]}}