{"id":3336,"date":"2021-05-19T08:23:47","date_gmt":"2021-05-19T08:23:47","guid":{"rendered":"https:\/\/jamonesrosco.com\/?post_type=product&#038;p=3336"},"modified":"2021-09-06T08:55:01","modified_gmt":"2021-09-06T08:55:01","slug":"jamon-de-cebo-de-campo-rosco-75-iberico","status":"publish","type":"product","link":"https:\/\/jamonesrosco.com\/?product=jamon-de-cebo-de-campo-rosco-75-iberico","title":{"rendered":"Jam\u00f3n de cebo de campo Ib\u00e9rico 75% Raza Ib\u00e9rica"},"content":{"rendered":"","protected":false},"excerpt":{"rendered":"<ul>\n<li>ALIMENTACI\u00d3N:\u00a0 CEBO DE CAMPO<\/li>\n<li>CURACI\u00d3N: 30-36 MESES<\/li>\n<li>SABOR: EQUILIBRADO<\/li>\n<li>PESO: 7-10KG<\/li>\n<li>PRECINTO: VERDE<\/li>\n<\/ul>\n","protected":false},"featured_media":3566,"comment_status":"closed","ping_status":"closed","template":"","meta":[],"product_brand":[],"product_cat":[40,37],"product_tag":[],"class_list":{"0":"post-3336","1":"product","2":"type-product","3":"status-publish","4":"has-post-thumbnail","6":"product_cat-cebo-de-campo","7":"product_cat-jamones-y-paletas","9":"first","10":"instock","11":"featured","12":"shipping-taxable","13":"product-type-simple"},"_links":{"self":[{"href":"https:\/\/jamonesrosco.com\/index.php?rest_route=\/wp\/v2\/product\/3336","targetHints":{"allow":["GET"]}}],"collection":[{"href":"https:\/\/jamonesrosco.com\/index.php?rest_route=\/wp\/v2\/product"}],"about":[{"href":"https:\/\/jamonesrosco.com\/index.php?rest_route=\/wp\/v2\/types\/product"}],"replies":[{"embeddable":true,"href":"https:\/\/jamonesrosco.com\/index.php?rest_route=%2Fwp%2Fv2%2Fcomments&post=3336"}],"wp:featuredmedia":[{"embeddable":true,"href":"https:\/\/jamonesrosco.com\/index.php?rest_route=\/wp\/v2\/media\/3566"}],"wp:attachment":[{"href":"https:\/\/jamonesrosco.com\/index.php?rest_route=%2Fwp%2Fv2%2Fmedia&parent=3336"}],"wp:term":[{"taxonomy":"product_brand","embeddable":true,"href":"https:\/\/jamonesrosco.com\/index.php?rest_route=%2Fwp%2Fv2%2Fproduct_brand&post=3336"},{"taxonomy":"product_cat","embeddable":true,"href":"https:\/\/jamonesrosco.com\/index.php?rest_route=%2Fwp%2Fv2%2Fproduct_cat&post=3336"},{"taxonomy":"product_tag","embeddable":true,"href":"https:\/\/jamonesrosco.com\/index.php?rest_route=%2Fwp%2Fv2%2Fproduct_tag&post=3336"}],"curies":[{"name":"wp","href":"https:\/\/api.w.org\/{rel}","templated":true}]}}